{"id":66,"date":"2019-08-15T15:56:42","date_gmt":"2019-08-15T15:56:42","guid":{"rendered":"https:\/\/ccreadysites.cyberchimps.com\/photography-studio\/?page_id=66"},"modified":"2024-08-30T12:27:44","modified_gmt":"2024-08-30T12:27:44","slug":"contact","status":"publish","type":"page","link":"https:\/\/garciagazquez.com\/art\/contact\/","title":{"rendered":"Contact"},"content":{"rendered":"\t\t<div data-elementor-type=\"wp-post\" data-elementor-id=\"66\" class=\"elementor elementor-66\">\n\t\t\t\t<div class=\"elementor-element elementor-element-6780b183 e-flex e-con-boxed e-con e-parent\" data-id=\"6780b183\" data-element_type=\"container\" data-e-type=\"container\">\n\t\t\t\t\t<div class=\"e-con-inner\">\n\t\t\t\t<div class=\"elementor-element elementor-element-64f458a elementor-widget elementor-widget-heading\" data-id=\"64f458a\" data-element_type=\"widget\" data-e-type=\"widget\" data-widget_type=\"heading.default\">\n\t\t\t\t<div class=\"elementor-widget-container\">\n\t\t\t\t\t<h2 class=\"elementor-heading-title elementor-size-default\">Contact Us<\/h2>\t\t\t\t<\/div>\n\t\t\t\t<\/div>\n\t\t<div class=\"elementor-element elementor-element-ee9f123 e-con-full e-flex e-con e-child\" data-id=\"ee9f123\" data-element_type=\"container\" data-e-type=\"container\">\n\t\t\t\t<div class=\"elementor-element elementor-element-2511b55 elementor-widget elementor-widget-text-editor\" data-id=\"2511b55\" data-element_type=\"widget\" data-e-type=\"widget\" data-widget_type=\"text-editor.default\">\n\t\t\t\t<div class=\"elementor-widget-container\">\n\t\t\t\t\t\t\t\t\t<p>La mejor forma de contactar es a trav\u00e9s de las redes sociales, la proliferaci\u00f3n incontrolada del spam y los mensajes no deseados impide incluir un correo electr\u00f3nico o un tel\u00e9fono como ser\u00eda deseable. Por favor usa le mensajer\u00eda de Facebook o Instagram en los iconos que se encuentran en la barra inferior.<br \/>Gracias y perdona las molestias.<\/p>\t\t\t\t\t\t\t\t<\/div>\n\t\t\t\t<\/div>\n\t\t\t\t<div class=\"elementor-element elementor-element-5da46d2 elementor-widget elementor-widget-text-editor\" data-id=\"5da46d2\" data-element_type=\"widget\" data-e-type=\"widget\" data-widget_type=\"text-editor.default\">\n\t\t\t\t<div class=\"elementor-widget-container\">\n\t\t\t\t\t\t\t\t\t<p>The best way to contact is through social networks, the uncontrolled proliferation of spam and unwanted messages makes it impossible to include an email or phone number as would be desirable. Please use Facebook or Instagram messaging on the icons in the bottom bar.<br \/>Thank you and sorry for the inconvenience.<\/p>\t\t\t\t\t\t\t\t<\/div>\n\t\t\t\t<\/div>\n\t\t\t\t<\/div>\n\t\t\t\t\t<\/div>\n\t\t\t\t<\/div>\n\t\t<div class=\"elementor-element elementor-element-3081c27 e-flex e-con-boxed e-con e-parent\" data-id=\"3081c27\" data-element_type=\"container\" data-e-type=\"container\">\n\t\t\t\t\t<div class=\"e-con-inner\">\n\t\t\t\t<div class=\"elementor-element elementor-element-f366d64 elementor-widget elementor-widget-image\" data-id=\"f366d64\" data-element_type=\"widget\" data-e-type=\"widget\" data-widget_type=\"image.default\">\n\t\t\t\t<div class=\"elementor-widget-container\">\n\t\t\t\t\t\t\t\t\t\t\t\t\t\t\t\t<a href=\"https:\/\/garciagazquez.com\/art\/wp-content\/uploads\/2024\/08\/X-24A_011-1.png\" data-elementor-open-lightbox=\"no\">\n\t\t\t\t\t\t\t<img fetchpriority=\"high\" decoding=\"async\" width=\"1200\" height=\"840\" src=\"https:\/\/garciagazquez.com\/art\/wp-content\/uploads\/2024\/08\/X-24A_011-1.png\" class=\"attachment-full size-full wp-image-2022\" alt=\"\" srcset=\"https:\/\/garciagazquez.com\/art\/wp-content\/uploads\/2024\/08\/X-24A_011-1.png 1200w, https:\/\/garciagazquez.com\/art\/wp-content\/uploads\/2024\/08\/X-24A_011-1-300x210.png 300w, https:\/\/garciagazquez.com\/art\/wp-content\/uploads\/2024\/08\/X-24A_011-1-1024x717.png 1024w, https:\/\/garciagazquez.com\/art\/wp-content\/uploads\/2024\/08\/X-24A_011-1-768x538.png 768w, https:\/\/garciagazquez.com\/art\/wp-content\/uploads\/2024\/08\/X-24A_011-1-100x70.png 100w, https:\/\/garciagazquez.com\/art\/wp-content\/uploads\/2024\/08\/X-24A_011-1-150x105.png 150w, https:\/\/garciagazquez.com\/art\/wp-content\/uploads\/2024\/08\/X-24A_011-1-200x140.png 200w, https:\/\/garciagazquez.com\/art\/wp-content\/uploads\/2024\/08\/X-24A_011-1-450x315.png 450w, https:\/\/garciagazquez.com\/art\/wp-content\/uploads\/2024\/08\/X-24A_011-1-600x420.png 600w, https:\/\/garciagazquez.com\/art\/wp-content\/uploads\/2024\/08\/X-24A_011-1-900x630.png 900w\" sizes=\"(max-width: 1200px) 100vw, 1200px\" \/>\t\t\t\t\t\t\t\t<\/a>\n\t\t\t\t\t\t\t\t\t\t\t\t\t\t\t<\/div>\n\t\t\t\t<\/div>\n\t\t\t\t\t<\/div>\n\t\t\t\t<\/div>\n\t\t\t\t<\/div>\n\t\t","protected":false},"excerpt":{"rendered":"<p>Contact Us La mejor forma de contactar es a trav\u00e9s de las redes sociales, la proliferaci\u00f3n incontrolada del spam y los mensajes no deseados impide&#8230; <a class=\"continue-reading-link\" href=\"https:\/\/garciagazquez.com\/art\/contact\/\">Continue reading<\/a><\/p>\n","protected":false},"author":1,"featured_media":0,"parent":0,"menu_order":0,"comment_status":"closed","ping_status":"closed","template":"elementor_header_footer","meta":{"jetpack_post_was_ever_published":false,"footnotes":""},"class_list":["post-66","page","type-page","status-publish","hentry"],"jetpack_sharing_enabled":true,"_links":{"self":[{"href":"https:\/\/garciagazquez.com\/art\/wp-json\/wp\/v2\/pages\/66","targetHints":{"allow":["GET"]}}],"collection":[{"href":"https:\/\/garciagazquez.com\/art\/wp-json\/wp\/v2\/pages"}],"about":[{"href":"https:\/\/garciagazquez.com\/art\/wp-json\/wp\/v2\/types\/page"}],"author":[{"embeddable":true,"href":"https:\/\/garciagazquez.com\/art\/wp-json\/wp\/v2\/users\/1"}],"replies":[{"embeddable":true,"href":"https:\/\/garciagazquez.com\/art\/wp-json\/wp\/v2\/comments?post=66"}],"version-history":[{"count":37,"href":"https:\/\/garciagazquez.com\/art\/wp-json\/wp\/v2\/pages\/66\/revisions"}],"predecessor-version":[{"id":2031,"href":"https:\/\/garciagazquez.com\/art\/wp-json\/wp\/v2\/pages\/66\/revisions\/2031"}],"wp:attachment":[{"href":"https:\/\/garciagazquez.com\/art\/wp-json\/wp\/v2\/media?parent=66"}],"curies":[{"name":"wp","href":"https:\/\/api.w.org\/{rel}","templated":true}]}}