{"id":36,"date":"2019-08-14T09:14:58","date_gmt":"2019-08-14T09:14:58","guid":{"rendered":"https:\/\/ccreadysites.cyberchimps.com\/photography-studio\/?page_id=36"},"modified":"2024-09-07T12:15:15","modified_gmt":"2024-09-07T12:15:15","slug":"about","status":"publish","type":"page","link":"https:\/\/garciagazquez.com\/art\/about\/","title":{"rendered":"About"},"content":{"rendered":"\t\t<div data-elementor-type=\"wp-post\" data-elementor-id=\"36\" class=\"elementor elementor-36\">\n\t\t\t\t\t\t<section class=\"elementor-section elementor-top-section elementor-element elementor-element-62ff0b3 elementor-section-stretched elementor-section-height-min-height elementor-section-boxed elementor-section-height-default elementor-section-items-middle\" data-id=\"62ff0b3\" data-element_type=\"section\" data-e-type=\"section\" data-settings=\"{&quot;stretch_section&quot;:&quot;section-stretched&quot;}\">\n\t\t\t\t\t\t<div class=\"elementor-container elementor-column-gap-default\">\n\t\t\t\t\t<div class=\"elementor-column elementor-col-100 elementor-top-column elementor-element elementor-element-4a9df18\" data-id=\"4a9df18\" data-element_type=\"column\" data-e-type=\"column\">\n\t\t\t<div class=\"elementor-widget-wrap elementor-element-populated\">\n\t\t\t\t\t\t<section class=\"elementor-section elementor-inner-section elementor-element elementor-element-e7f8f50 elementor-section-height-min-height elementor-section-boxed elementor-section-height-default\" data-id=\"e7f8f50\" data-element_type=\"section\" data-e-type=\"section\">\n\t\t\t\t\t\t<div class=\"elementor-container elementor-column-gap-default\">\n\t\t\t\t\t<div class=\"elementor-column elementor-col-100 elementor-inner-column elementor-element elementor-element-bd55e95\" data-id=\"bd55e95\" data-element_type=\"column\" data-e-type=\"column\">\n\t\t\t<div class=\"elementor-widget-wrap elementor-element-populated\">\n\t\t\t\t\t\t<div class=\"elementor-element elementor-element-450d5c4 elementor-widget elementor-widget-heading\" data-id=\"450d5c4\" data-element_type=\"widget\" data-e-type=\"widget\" data-widget_type=\"heading.default\">\n\t\t\t\t<div class=\"elementor-widget-container\">\n\t\t\t\t\t<h2 class=\"elementor-heading-title elementor-size-default\">About Me<\/h2>\t\t\t\t<\/div>\n\t\t\t\t<\/div>\n\t\t\t\t\t<\/div>\n\t\t<\/div>\n\t\t\t\t\t<\/div>\n\t\t<\/section>\n\t\t\t\t\t<\/div>\n\t\t<\/div>\n\t\t\t\t\t<\/div>\n\t\t<\/section>\n\t\t\t\t<section class=\"elementor-section elementor-top-section elementor-element elementor-element-367b1d9 elementor-section-height-min-height elementor-section-boxed elementor-section-height-default elementor-section-items-middle\" data-id=\"367b1d9\" data-element_type=\"section\" data-e-type=\"section\">\n\t\t\t\t\t\t<div class=\"elementor-container elementor-column-gap-default\">\n\t\t\t\t\t<div class=\"elementor-column elementor-col-100 elementor-top-column elementor-element elementor-element-cd37d49\" data-id=\"cd37d49\" data-element_type=\"column\" data-e-type=\"column\">\n\t\t\t<div class=\"elementor-widget-wrap elementor-element-populated\">\n\t\t\t\t\t\t<section class=\"elementor-section elementor-inner-section elementor-element elementor-element-c781b29 elementor-section-boxed elementor-section-height-default elementor-section-height-default\" data-id=\"c781b29\" data-element_type=\"section\" data-e-type=\"section\">\n\t\t\t\t\t\t<div class=\"elementor-container elementor-column-gap-default\">\n\t\t\t\t\t<div class=\"elementor-column elementor-col-50 elementor-inner-column elementor-element elementor-element-529faaa\" data-id=\"529faaa\" data-element_type=\"column\" data-e-type=\"column\">\n\t\t\t<div class=\"elementor-widget-wrap elementor-element-populated\">\n\t\t\t\t\t\t<div class=\"elementor-element elementor-element-b7564e3 elementor-widget__width-auto elementor-widget elementor-widget-heading\" data-id=\"b7564e3\" data-element_type=\"widget\" data-e-type=\"widget\" data-widget_type=\"heading.default\">\n\t\t\t\t<div class=\"elementor-widget-container\">\n\t\t\t\t\t<span class=\"elementor-heading-title elementor-size-default\">Soy Joaqu\u00edn Garc\u00eda G\u00e1zquez, arquitecto t\u00e9cnico de formaci\u00f3n, modelista, autor de numerosos libros en la materia, ilustrador y dibujante.<br>\nDespu\u00e9s de una larga trayectoria profesional como empleado de banca, actualmente me dedico a lo que m\u00e1s me gusta, el modelismo y el dibujo.<\/br>\nMe gusta sobre todo lo referente al per\u00edodo hist\u00f3rico de la 2\u00aa Guerra Mundial, estudiar los hechos, las vicisitudes que pasaron los an\u00f3nimos protagonistas y en general todo lo referente al conflicto desde el punto de vista de un observador.<br>\nNo hago apolog\u00eda de ninguna tendencia pol\u00edtica o ideol\u00f3gica.<br>\nRealizo un gran esfuerzo en tratar las cosas con sencillez y naturalidad, huyendo de artificios y sobre todo disfrutar del proceso creativo, ya sea de un modelo, una figura o un dibujo.<br>\nEste blog dedicado al dibujo y la ilustraci\u00f3n nace al retomar esta actividad al poder disponer del tiempo que precisa para ejercerla convenientemente y poder reflejar mis ideas e inquietudes.<br>\nSoy consciente que tengo mucho que mejorar y desarrollar, pero eso para m\u00ed es lo mejor, disfrutar del camino.\nTrasmitir sensaciones y emociones, ese es el objetivo de mi actividad.\n<br><\/span>\t\t\t\t<\/div>\n\t\t\t\t<\/div>\n\t\t\t\t<div class=\"elementor-element elementor-element-3223733 elementor-widget__width-auto elementor-widget elementor-widget-heading\" data-id=\"3223733\" data-element_type=\"widget\" data-e-type=\"widget\" data-widget_type=\"heading.default\">\n\t\t\t\t<div class=\"elementor-widget-container\">\n\t\t\t\t\t<span class=\"elementor-heading-title elementor-size-default\">I am Joaqu\u00edn Garc\u00eda G\u00e1zquez, architect surveyor, modeller, author of numerous books on the subject, illustrator and sketcher.<br>\nAfter a long professional career as a bank clerk, I am currently dedicated to what I like most, modelling and drawing.<br>\nI particularly enjoy the historical period of the Second World War, studying the facts, the vicissitudes of the anonymous protagonists and in general everything about the conflict from the point of view of an observer. I make no apology for any political or ideological tendency.<br>\nI make a great effort to treat things simply and naturally, avoiding artifice and above all to enjoy the creative process, whether it be a model, a figure or a drawing.<br>\nThis blog dedicated to drawing and illustration was born when I took up this activity again, when I had the time I needed to do it properly and to be able to reflect my ideas and concerns.<br>\nI am aware that I have a lot to improve and develop, but that for me is the best thing, to enjoy the way.<br>\nTo transmit sensations and emotions, that is the aim of my activity.<br><\/span>\t\t\t\t<\/div>\n\t\t\t\t<\/div>\n\t\t\t\t\t<\/div>\n\t\t<\/div>\n\t\t\t\t<div class=\"elementor-column elementor-col-50 elementor-inner-column elementor-element elementor-element-26c02c3\" data-id=\"26c02c3\" data-element_type=\"column\" data-e-type=\"column\">\n\t\t\t<div class=\"elementor-widget-wrap elementor-element-populated\">\n\t\t\t\t\t\t<div class=\"elementor-element elementor-element-2a15900 elementor-widget elementor-widget-image\" data-id=\"2a15900\" data-element_type=\"widget\" data-e-type=\"widget\" data-widget_type=\"image.default\">\n\t\t\t\t<div class=\"elementor-widget-container\">\n\t\t\t\t\t\t\t\t\t\t\t\t\t\t\t<img fetchpriority=\"high\" decoding=\"async\" width=\"732\" height=\"1100\" src=\"https:\/\/garciagazquez.com\/art\/wp-content\/uploads\/2024\/08\/ME_2.jpg\" class=\"attachment-full size-full wp-image-1622\" alt=\"\" srcset=\"https:\/\/garciagazquez.com\/art\/wp-content\/uploads\/2024\/08\/ME_2.jpg 732w, https:\/\/garciagazquez.com\/art\/wp-content\/uploads\/2024\/08\/ME_2-200x301.jpg 200w, https:\/\/garciagazquez.com\/art\/wp-content\/uploads\/2024\/08\/ME_2-681x1024.jpg 681w, https:\/\/garciagazquez.com\/art\/wp-content\/uploads\/2024\/08\/ME_2-100x150.jpg 100w, https:\/\/garciagazquez.com\/art\/wp-content\/uploads\/2024\/08\/ME_2-150x225.jpg 150w, https:\/\/garciagazquez.com\/art\/wp-content\/uploads\/2024\/08\/ME_2-300x451.jpg 300w, https:\/\/garciagazquez.com\/art\/wp-content\/uploads\/2024\/08\/ME_2-450x676.jpg 450w, https:\/\/garciagazquez.com\/art\/wp-content\/uploads\/2024\/08\/ME_2-600x902.jpg 600w\" sizes=\"(max-width: 732px) 100vw, 732px\" \/>\t\t\t\t\t\t\t\t\t\t\t\t\t\t\t<\/div>\n\t\t\t\t<\/div>\n\t\t\t\t\t<\/div>\n\t\t<\/div>\n\t\t\t\t\t<\/div>\n\t\t<\/section>\n\t\t\t\t<div class=\"elementor-element elementor-element-b9ca4fc elementor-widget elementor-widget-heading\" data-id=\"b9ca4fc\" data-element_type=\"widget\" data-e-type=\"widget\" data-widget_type=\"heading.default\">\n\t\t\t\t<div class=\"elementor-widget-container\">\n\t\t\t\t\t<h2 class=\"elementor-heading-title elementor-size-default\">Our Projects<\/h2>\t\t\t\t<\/div>\n\t\t\t\t<\/div>\n\t\t\t\t\t<\/div>\n\t\t<\/div>\n\t\t\t\t\t<\/div>\n\t\t<\/section>\n\t\t\t\t<section class=\"elementor-section elementor-top-section elementor-element elementor-element-5259280 elementor-section-full_width elementor-section-height-default elementor-section-height-default\" data-id=\"5259280\" data-element_type=\"section\" data-e-type=\"section\">\n\t\t\t\t\t\t<div class=\"elementor-container elementor-column-gap-default\">\n\t\t\t\t\t<div class=\"elementor-column elementor-col-100 elementor-top-column elementor-element elementor-element-5ef935e\" data-id=\"5ef935e\" data-element_type=\"column\" data-e-type=\"column\">\n\t\t\t<div class=\"elementor-widget-wrap elementor-element-populated\">\n\t\t\t\t\t\t<div class=\"elementor-element elementor-element-209c1c6 elementor-widget elementor-widget-image-carousel\" data-id=\"209c1c6\" data-element_type=\"widget\" data-e-type=\"widget\" data-settings=\"{&quot;slides_to_show&quot;:&quot;2&quot;,&quot;slides_to_scroll&quot;:&quot;2&quot;,&quot;navigation&quot;:&quot;none&quot;,&quot;pause_on_hover&quot;:&quot;no&quot;,&quot;pause_on_interaction&quot;:&quot;no&quot;,&quot;image_spacing_custom&quot;:{&quot;unit&quot;:&quot;px&quot;,&quot;size&quot;:10,&quot;sizes&quot;:[]},&quot;autoplay&quot;:&quot;yes&quot;,&quot;autoplay_speed&quot;:5000,&quot;infinite&quot;:&quot;yes&quot;,&quot;speed&quot;:500,&quot;image_spacing_custom_tablet&quot;:{&quot;unit&quot;:&quot;px&quot;,&quot;size&quot;:&quot;&quot;,&quot;sizes&quot;:[]},&quot;image_spacing_custom_mobile&quot;:{&quot;unit&quot;:&quot;px&quot;,&quot;size&quot;:&quot;&quot;,&quot;sizes&quot;:[]}}\" data-widget_type=\"image-carousel.default\">\n\t\t\t\t<div class=\"elementor-widget-container\">\n\t\t\t\t\t\t\t<div class=\"elementor-image-carousel-wrapper swiper\" role=\"region\" aria-roledescription=\"carousel\" aria-label=\"Carrusel de im\u00e1genes\" dir=\"ltr\">\n\t\t\t<div class=\"elementor-image-carousel swiper-wrapper\" aria-live=\"off\">\n\t\t\t\t\t\t\t\t<div class=\"swiper-slide\" role=\"group\" aria-roledescription=\"slide\" aria-label=\"1 de 11\"><figure class=\"swiper-slide-inner\"><img decoding=\"async\" class=\"swiper-slide-image\" src=\"https:\/\/garciagazquez.com\/art\/wp-content\/uploads\/2024\/08\/I-16_Tsokolaev_0002.png\" alt=\"I-16_Tsokolaev_0002\" \/><\/figure><\/div><div class=\"swiper-slide\" role=\"group\" aria-roledescription=\"slide\" aria-label=\"2 de 11\"><figure class=\"swiper-slide-inner\"><img decoding=\"async\" class=\"swiper-slide-image\" src=\"https:\/\/garciagazquez.com\/art\/wp-content\/uploads\/2024\/08\/I-16_003.png\" alt=\"I-16_003\" \/><\/figure><\/div><div class=\"swiper-slide\" role=\"group\" aria-roledescription=\"slide\" aria-label=\"3 de 11\"><figure class=\"swiper-slide-inner\"><img decoding=\"async\" class=\"swiper-slide-image\" src=\"https:\/\/garciagazquez.com\/art\/wp-content\/uploads\/2024\/08\/Ki-48_001.png\" alt=\"Ki-48_001\" \/><\/figure><\/div><div class=\"swiper-slide\" role=\"group\" aria-roledescription=\"slide\" aria-label=\"4 de 11\"><figure class=\"swiper-slide-inner\"><img decoding=\"async\" class=\"swiper-slide-image\" src=\"https:\/\/garciagazquez.com\/art\/wp-content\/uploads\/2024\/08\/Ki-48_0299.png\" alt=\"Ki-48_0299\" \/><\/figure><\/div><div class=\"swiper-slide\" role=\"group\" aria-roledescription=\"slide\" aria-label=\"5 de 11\"><figure class=\"swiper-slide-inner\"><img decoding=\"async\" class=\"swiper-slide-image\" src=\"https:\/\/garciagazquez.com\/art\/wp-content\/uploads\/2024\/08\/Fokker_DXXI_006.png\" alt=\"Fokker_DXXI_006\" \/><\/figure><\/div><div class=\"swiper-slide\" role=\"group\" aria-roledescription=\"slide\" aria-label=\"6 de 11\"><figure class=\"swiper-slide-inner\"><img decoding=\"async\" class=\"swiper-slide-image\" src=\"https:\/\/garciagazquez.com\/art\/wp-content\/uploads\/2024\/08\/Fokker_D21010_A4.png\" alt=\"Fokker_D21010_A4\" \/><\/figure><\/div><div class=\"swiper-slide\" role=\"group\" aria-roledescription=\"slide\" aria-label=\"7 de 11\"><figure class=\"swiper-slide-inner\"><img decoding=\"async\" class=\"swiper-slide-image\" src=\"https:\/\/garciagazquez.com\/art\/wp-content\/uploads\/2024\/08\/F-1_EdA_0012.png\" alt=\"F-1_EdA_0012\" \/><\/figure><\/div><div class=\"swiper-slide\" role=\"group\" aria-roledescription=\"slide\" aria-label=\"8 de 11\"><figure class=\"swiper-slide-inner\"><img decoding=\"async\" class=\"swiper-slide-image\" src=\"https:\/\/garciagazquez.com\/art\/wp-content\/uploads\/2024\/09\/SP_002-1.png\" alt=\"SP_002-1\" \/><\/figure><\/div><div class=\"swiper-slide\" role=\"group\" aria-roledescription=\"slide\" aria-label=\"9 de 11\"><figure class=\"swiper-slide-inner\"><img decoding=\"async\" class=\"swiper-slide-image\" src=\"https:\/\/garciagazquez.com\/art\/wp-content\/uploads\/2024\/09\/B-24_0003.png\" alt=\"B-24_0003\" \/><\/figure><\/div><div class=\"swiper-slide\" role=\"group\" aria-roledescription=\"slide\" aria-label=\"10 de 11\"><figure class=\"swiper-slide-inner\"><img decoding=\"async\" class=\"swiper-slide-image\" src=\"https:\/\/garciagazquez.com\/art\/wp-content\/uploads\/2024\/09\/Tiger_DAK_0001.png\" alt=\"Tiger_DAK_0001\" \/><\/figure><\/div><div class=\"swiper-slide\" role=\"group\" aria-roledescription=\"slide\" aria-label=\"11 de 11\"><figure class=\"swiper-slide-inner\"><img decoding=\"async\" class=\"swiper-slide-image\" src=\"https:\/\/garciagazquez.com\/art\/wp-content\/uploads\/2024\/09\/Eurofighter_0005.png\" alt=\"Eurofighter_0005\" \/><\/figure><\/div>\t\t\t<\/div>\n\t\t\t\t\t\t\t\n\t\t\t\t\t\t\t\t\t<\/div>\n\t\t\t\t\t\t<\/div>\n\t\t\t\t<\/div>\n\t\t\t\t\t<\/div>\n\t\t<\/div>\n\t\t\t\t\t<\/div>\n\t\t<\/section>\n\t\t<div class=\"elementor-element elementor-element-9090ce4 e-flex e-con-boxed e-con e-parent\" data-id=\"9090ce4\" data-element_type=\"container\" data-e-type=\"container\">\n\t\t\t\t\t<div class=\"e-con-inner\">\n\t\t\t\t<div class=\"elementor-element elementor-element-9403437 elementor-widget elementor-widget-spacer\" data-id=\"9403437\" data-element_type=\"widget\" data-e-type=\"widget\" data-widget_type=\"spacer.default\">\n\t\t\t\t<div class=\"elementor-widget-container\">\n\t\t\t\t\t\t\t<div class=\"elementor-spacer\">\n\t\t\t<div class=\"elementor-spacer-inner\"><\/div>\n\t\t<\/div>\n\t\t\t\t\t\t<\/div>\n\t\t\t\t<\/div>\n\t\t\t\t\t<\/div>\n\t\t\t\t<\/div>\n\t\t\t\t<\/div>\n\t\t","protected":false},"excerpt":{"rendered":"<p>About Me Soy Joaqu\u00edn Garc\u00eda G\u00e1zquez, arquitecto t\u00e9cnico de formaci\u00f3n, modelista, autor de numerosos libros en la materia, ilustrador y dibujante. Despu\u00e9s de una larga&#8230; <a class=\"continue-reading-link\" href=\"https:\/\/garciagazquez.com\/art\/about\/\">Continue reading<\/a><\/p>\n","protected":false},"author":1,"featured_media":0,"parent":0,"menu_order":0,"comment_status":"closed","ping_status":"closed","template":"elementor_header_footer","meta":{"jetpack_post_was_ever_published":false,"footnotes":""},"class_list":["post-36","page","type-page","status-publish","hentry"],"jetpack_sharing_enabled":true,"_links":{"self":[{"href":"https:\/\/garciagazquez.com\/art\/wp-json\/wp\/v2\/pages\/36","targetHints":{"allow":["GET"]}}],"collection":[{"href":"https:\/\/garciagazquez.com\/art\/wp-json\/wp\/v2\/pages"}],"about":[{"href":"https:\/\/garciagazquez.com\/art\/wp-json\/wp\/v2\/types\/page"}],"author":[{"embeddable":true,"href":"https:\/\/garciagazquez.com\/art\/wp-json\/wp\/v2\/users\/1"}],"replies":[{"embeddable":true,"href":"https:\/\/garciagazquez.com\/art\/wp-json\/wp\/v2\/comments?post=36"}],"version-history":[{"count":86,"href":"https:\/\/garciagazquez.com\/art\/wp-json\/wp\/v2\/pages\/36\/revisions"}],"predecessor-version":[{"id":2073,"href":"https:\/\/garciagazquez.com\/art\/wp-json\/wp\/v2\/pages\/36\/revisions\/2073"}],"wp:attachment":[{"href":"https:\/\/garciagazquez.com\/art\/wp-json\/wp\/v2\/media?parent=36"}],"curies":[{"name":"wp","href":"https:\/\/api.w.org\/{rel}","templated":true}]}}