{"id":1802,"date":"2024-08-28T19:52:35","date_gmt":"2024-08-28T19:52:35","guid":{"rendered":"https:\/\/garciagazquez.com\/art\/?page_id=1802"},"modified":"2025-04-05T06:02:37","modified_gmt":"2025-04-05T06:02:37","slug":"gallery","status":"publish","type":"page","link":"https:\/\/garciagazquez.com\/art\/gallery\/","title":{"rendered":"Gallery"},"content":{"rendered":"\t\t<div data-elementor-type=\"wp-page\" data-elementor-id=\"1802\" class=\"elementor elementor-1802\">\n\t\t\t\t\t\t<section class=\"elementor-section elementor-top-section elementor-element elementor-element-7979fe86 elementor-section-stretched elementor-section-height-min-height elementor-section-boxed elementor-section-height-default elementor-section-items-middle\" data-id=\"7979fe86\" data-element_type=\"section\" data-e-type=\"section\" data-settings=\"{&quot;stretch_section&quot;:&quot;section-stretched&quot;}\">\n\t\t\t\t\t\t<div class=\"elementor-container elementor-column-gap-default\">\n\t\t\t\t\t<div class=\"elementor-column elementor-col-100 elementor-top-column elementor-element elementor-element-46582f77\" data-id=\"46582f77\" data-element_type=\"column\" data-e-type=\"column\">\n\t\t\t<div class=\"elementor-widget-wrap elementor-element-populated\">\n\t\t\t\t\t\t<section class=\"elementor-section elementor-inner-section elementor-element elementor-element-15b83664 elementor-section-height-min-height elementor-section-boxed elementor-section-height-default\" data-id=\"15b83664\" data-element_type=\"section\" data-e-type=\"section\">\n\t\t\t\t\t\t<div class=\"elementor-container elementor-column-gap-default\">\n\t\t\t\t\t<div class=\"elementor-column elementor-col-100 elementor-inner-column elementor-element elementor-element-2172b46c\" data-id=\"2172b46c\" data-element_type=\"column\" data-e-type=\"column\">\n\t\t\t<div class=\"elementor-widget-wrap elementor-element-populated\">\n\t\t\t\t\t\t<div class=\"elementor-element elementor-element-59d70461 elementor-widget elementor-widget-heading\" data-id=\"59d70461\" data-element_type=\"widget\" data-e-type=\"widget\" data-widget_type=\"heading.default\">\n\t\t\t\t<div class=\"elementor-widget-container\">\n\t\t\t\t\t<h2 class=\"elementor-heading-title elementor-size-default\">Gallery<\/h2>\t\t\t\t<\/div>\n\t\t\t\t<\/div>\n\t\t\t\t\t<\/div>\n\t\t<\/div>\n\t\t\t\t\t<\/div>\n\t\t<\/section>\n\t\t\t\t\t<\/div>\n\t\t<\/div>\n\t\t\t\t\t<\/div>\n\t\t<\/section>\n\t\t\t\t<section class=\"elementor-section elementor-top-section elementor-element elementor-element-15426ab3 elementor-section-height-min-height elementor-section-boxed elementor-section-height-default elementor-section-items-middle\" data-id=\"15426ab3\" data-element_type=\"section\" data-e-type=\"section\">\n\t\t\t\t\t\t<div class=\"elementor-container elementor-column-gap-default\">\n\t\t\t\t\t<div class=\"elementor-column elementor-col-100 elementor-top-column elementor-element elementor-element-5a396efb\" data-id=\"5a396efb\" data-element_type=\"column\" data-e-type=\"column\">\n\t\t\t<div class=\"elementor-widget-wrap elementor-element-populated\">\n\t\t\t\t\t\t<section class=\"elementor-section elementor-inner-section elementor-element elementor-element-5405d0ba elementor-section-boxed elementor-section-height-default elementor-section-height-default\" data-id=\"5405d0ba\" data-element_type=\"section\" data-e-type=\"section\">\n\t\t\t\t\t\t<div class=\"elementor-container elementor-column-gap-default\">\n\t\t\t\t\t<div class=\"elementor-column elementor-col-50 elementor-inner-column elementor-element elementor-element-6335d2e6\" data-id=\"6335d2e6\" data-element_type=\"column\" data-e-type=\"column\">\n\t\t\t<div class=\"elementor-widget-wrap elementor-element-populated\">\n\t\t\t\t\t\t<div class=\"elementor-element elementor-element-77c3a17 elementor-widget__width-auto elementor-widget elementor-widget-heading\" data-id=\"77c3a17\" data-element_type=\"widget\" data-e-type=\"widget\" data-widget_type=\"heading.default\">\n\t\t\t\t<div class=\"elementor-widget-container\">\n\t\t\t\t\t<span class=\"elementor-heading-title elementor-size-default\">Esta Galer\u00eda es una colecci\u00f3n de los mejores ilustraciones que he realizado hasta el momento.\nCada ilustraci\u00f3n viene de trasladar la fotograf\u00eda hist\u00f3rica a una ilustraci\u00f3n con un estudio del sujeto y una peque\u00f1a historia que se puede leer en el correspondiente post.<\/span>\t\t\t\t<\/div>\n\t\t\t\t<\/div>\n\t\t\t\t<div class=\"elementor-element elementor-element-00680c2 elementor-widget__width-auto elementor-widget elementor-widget-heading\" data-id=\"00680c2\" data-element_type=\"widget\" data-e-type=\"widget\" data-widget_type=\"heading.default\">\n\t\t\t\t<div class=\"elementor-widget-container\">\n\t\t\t\t\t<span class=\"elementor-heading-title elementor-size-default\">This Gallery is a collection of the best illustrations I have made so far.\nEach illustration comes from translating the historical photograph into an illustration with a study of the subject and a short story that you can read in the corresponding post.<\/span>\t\t\t\t<\/div>\n\t\t\t\t<\/div>\n\t\t\t\t\t<\/div>\n\t\t<\/div>\n\t\t\t\t<div class=\"elementor-column elementor-col-50 elementor-inner-column elementor-element elementor-element-7b5ded12\" data-id=\"7b5ded12\" data-element_type=\"column\" data-e-type=\"column\">\n\t\t\t<div class=\"elementor-widget-wrap elementor-element-populated\">\n\t\t\t\t\t\t<div class=\"elementor-element elementor-element-639c1c6c elementor-widget elementor-widget-image\" data-id=\"639c1c6c\" data-element_type=\"widget\" data-e-type=\"widget\" data-widget_type=\"image.default\">\n\t\t\t\t<div class=\"elementor-widget-container\">\n\t\t\t\t\t\t\t\t\t\t\t\t\t\t\t<img fetchpriority=\"high\" decoding=\"async\" width=\"1100\" height=\"1100\" src=\"https:\/\/garciagazquez.com\/art\/wp-content\/uploads\/2025\/04\/FW-190_22_1100x1100.png\" class=\"attachment-full size-full wp-image-2702\" alt=\"\" srcset=\"https:\/\/garciagazquez.com\/art\/wp-content\/uploads\/2025\/04\/FW-190_22_1100x1100.png 1100w, https:\/\/garciagazquez.com\/art\/wp-content\/uploads\/2025\/04\/FW-190_22_1100x1100-350x350.png 350w, https:\/\/garciagazquez.com\/art\/wp-content\/uploads\/2025\/04\/FW-190_22_1100x1100-150x150.png 150w, https:\/\/garciagazquez.com\/art\/wp-content\/uploads\/2025\/04\/FW-190_22_1100x1100-768x768.png 768w, https:\/\/garciagazquez.com\/art\/wp-content\/uploads\/2025\/04\/FW-190_22_1100x1100-500x500.png 500w\" sizes=\"(max-width: 1100px) 100vw, 1100px\" \/>\t\t\t\t\t\t\t\t\t\t\t\t\t\t\t<\/div>\n\t\t\t\t<\/div>\n\t\t\t\t\t<\/div>\n\t\t<\/div>\n\t\t\t\t\t<\/div>\n\t\t<\/section>\n\t\t\t\t<div class=\"elementor-element elementor-element-563e254b elementor-widget elementor-widget-heading\" data-id=\"563e254b\" data-element_type=\"widget\" data-e-type=\"widget\" data-widget_type=\"heading.default\">\n\t\t\t\t<div class=\"elementor-widget-container\">\n\t\t\t\t\t<h2 class=\"elementor-heading-title elementor-size-default\">Our Projects<\/h2>\t\t\t\t<\/div>\n\t\t\t\t<\/div>\n\t\t\t\t\t<\/div>\n\t\t<\/div>\n\t\t\t\t\t<\/div>\n\t\t<\/section>\n\t\t\t\t<section class=\"elementor-section elementor-top-section elementor-element elementor-element-46e3457f elementor-section-full_width elementor-section-height-default elementor-section-height-default\" data-id=\"46e3457f\" data-element_type=\"section\" data-e-type=\"section\">\n\t\t\t\t\t\t<div class=\"elementor-container elementor-column-gap-default\">\n\t\t\t\t\t<div class=\"elementor-column elementor-col-100 elementor-top-column elementor-element elementor-element-247f86a\" data-id=\"247f86a\" data-element_type=\"column\" data-e-type=\"column\">\n\t\t\t<div class=\"elementor-widget-wrap elementor-element-populated\">\n\t\t\t\t\t\t<div class=\"elementor-element elementor-element-4dbd1f1 elementor-widget elementor-widget-image-gallery\" data-id=\"4dbd1f1\" data-element_type=\"widget\" data-e-type=\"widget\" data-widget_type=\"image-gallery.default\">\n\t\t\t\t<div class=\"elementor-widget-container\">\n\t\t\t\t\t\t\t<div class=\"elementor-image-gallery\">\n\t\t\t\n\t\t<style type=\"text\/css\">\n\t\t\t#gallery-1 {\n\t\t\t\tmargin: auto;\n\t\t\t}\n\t\t\t#gallery-1 .gallery-item {\n\t\t\t\tfloat: left;\n\t\t\t\tmargin-top: 10px;\n\t\t\t\ttext-align: center;\n\t\t\t\twidth: 25%;\n\t\t\t}\n\t\t\t#gallery-1 img {\n\t\t\t\tborder: 2px solid #cfcfcf;\n\t\t\t}\n\t\t\t#gallery-1 .gallery-caption {\n\t\t\t\tmargin-left: 0;\n\t\t\t}\n\t\t\t\/* see gallery_shortcode() in wp-includes\/media.php *\/\n\t\t<\/style>\n\t\t<div data-carousel-extra='{\"blog_id\":1,\"permalink\":\"https:\\\/\\\/garciagazquez.com\\\/art\\\/gallery\\\/\"}' id='gallery-1' class='gallery galleryid-1802 gallery-columns-4 gallery-size-responsive-450'><dl class='gallery-item'>\n\t\t\t<dt class='gallery-icon landscape'>\n\t\t\t\t<a data-elementor-open-lightbox=\"yes\" data-elementor-lightbox-slideshow=\"4dbd1f1\" data-elementor-lightbox-title=\"Ki-48_0299\" data-e-action-hash=\"#elementor-action%3Aaction%3Dlightbox%26settings%3DeyJpZCI6MTk2NSwidXJsIjoiaHR0cHM6XC9cL2dhcmNpYWdhenF1ZXouY29tXC9hcnRcL3dwLWNvbnRlbnRcL3VwbG9hZHNcLzIwMjRcLzA4XC9LaS00OF8wMjk5LnBuZyIsInNsaWRlc2hvdyI6IjRkYmQxZjEifQ%3D%3D\" href='https:\/\/garciagazquez.com\/art\/wp-content\/uploads\/2024\/08\/Ki-48_0299.png'><img decoding=\"async\" data-attachment-id=\"1965\" data-orig-file=\"https:\/\/garciagazquez.com\/art\/wp-content\/uploads\/2024\/08\/Ki-48_0299.png\" data-orig-size=\"1200,840\" data-comments-opened=\"1\" data-image-meta=\"{&quot;aperture&quot;:&quot;0&quot;,&quot;credit&quot;:&quot;&quot;,&quot;camera&quot;:&quot;&quot;,&quot;caption&quot;:&quot;&quot;,&quot;created_timestamp&quot;:&quot;0&quot;,&quot;copyright&quot;:&quot;&quot;,&quot;focal_length&quot;:&quot;0&quot;,&quot;iso&quot;:&quot;0&quot;,&quot;shutter_speed&quot;:&quot;0&quot;,&quot;title&quot;:&quot;&quot;,&quot;orientation&quot;:&quot;0&quot;}\" data-image-title=\"Ki-48_0299\" data-image-description=\"\" data-medium-file=\"https:\/\/garciagazquez.com\/art\/wp-content\/uploads\/2024\/08\/Ki-48_0299-300x210.png\" data-large-file=\"https:\/\/garciagazquez.com\/art\/wp-content\/uploads\/2024\/08\/Ki-48_0299-1024x717.png\" title=\"Ki-48_0299\" width=\"450\" height=\"315\" src=\"https:\/\/garciagazquez.com\/art\/wp-content\/uploads\/2024\/08\/Ki-48_0299-450x315.png\" class=\"attachment-responsive-450 size-responsive-450\" alt=\"\" srcset=\"https:\/\/garciagazquez.com\/art\/wp-content\/uploads\/2024\/08\/Ki-48_0299-450x315.png 450w, https:\/\/garciagazquez.com\/art\/wp-content\/uploads\/2024\/08\/Ki-48_0299-300x210.png 300w, https:\/\/garciagazquez.com\/art\/wp-content\/uploads\/2024\/08\/Ki-48_0299-1024x717.png 1024w, https:\/\/garciagazquez.com\/art\/wp-content\/uploads\/2024\/08\/Ki-48_0299-768x538.png 768w, https:\/\/garciagazquez.com\/art\/wp-content\/uploads\/2024\/08\/Ki-48_0299-100x70.png 100w, https:\/\/garciagazquez.com\/art\/wp-content\/uploads\/2024\/08\/Ki-48_0299-150x105.png 150w, https:\/\/garciagazquez.com\/art\/wp-content\/uploads\/2024\/08\/Ki-48_0299-200x140.png 200w, https:\/\/garciagazquez.com\/art\/wp-content\/uploads\/2024\/08\/Ki-48_0299-600x420.png 600w, https:\/\/garciagazquez.com\/art\/wp-content\/uploads\/2024\/08\/Ki-48_0299-900x630.png 900w, https:\/\/garciagazquez.com\/art\/wp-content\/uploads\/2024\/08\/Ki-48_0299.png 1200w\" sizes=\"(max-width: 450px) 100vw, 450px\" \/><\/a>\n\t\t\t<\/dt><\/dl><dl class='gallery-item'>\n\t\t\t<dt class='gallery-icon landscape'>\n\t\t\t\t<a data-elementor-open-lightbox=\"yes\" data-elementor-lightbox-slideshow=\"4dbd1f1\" data-elementor-lightbox-title=\"Fokker_D21010_A4\" data-e-action-hash=\"#elementor-action%3Aaction%3Dlightbox%26settings%3DeyJpZCI6MTkzNSwidXJsIjoiaHR0cHM6XC9cL2dhcmNpYWdhenF1ZXouY29tXC9hcnRcL3dwLWNvbnRlbnRcL3VwbG9hZHNcLzIwMjRcLzA4XC9Gb2trZXJfRDIxMDEwX0E0LnBuZyIsInNsaWRlc2hvdyI6IjRkYmQxZjEifQ%3D%3D\" href='https:\/\/garciagazquez.com\/art\/wp-content\/uploads\/2024\/08\/Fokker_D21010_A4.png'><img decoding=\"async\" data-attachment-id=\"1935\" data-orig-file=\"https:\/\/garciagazquez.com\/art\/wp-content\/uploads\/2024\/08\/Fokker_D21010_A4.png\" data-orig-size=\"1200,840\" data-comments-opened=\"1\" data-image-meta=\"{&quot;aperture&quot;:&quot;0&quot;,&quot;credit&quot;:&quot;&quot;,&quot;camera&quot;:&quot;&quot;,&quot;caption&quot;:&quot;&quot;,&quot;created_timestamp&quot;:&quot;0&quot;,&quot;copyright&quot;:&quot;&quot;,&quot;focal_length&quot;:&quot;0&quot;,&quot;iso&quot;:&quot;0&quot;,&quot;shutter_speed&quot;:&quot;0&quot;,&quot;title&quot;:&quot;&quot;,&quot;orientation&quot;:&quot;0&quot;}\" data-image-title=\"Fokker_D21010_A4\" data-image-description=\"\" data-medium-file=\"https:\/\/garciagazquez.com\/art\/wp-content\/uploads\/2024\/08\/Fokker_D21010_A4-300x210.png\" data-large-file=\"https:\/\/garciagazquez.com\/art\/wp-content\/uploads\/2024\/08\/Fokker_D21010_A4-1024x717.png\" title=\"Fokker_D21010_A4\" width=\"450\" height=\"315\" src=\"https:\/\/garciagazquez.com\/art\/wp-content\/uploads\/2024\/08\/Fokker_D21010_A4-450x315.png\" class=\"attachment-responsive-450 size-responsive-450\" alt=\"\" srcset=\"https:\/\/garciagazquez.com\/art\/wp-content\/uploads\/2024\/08\/Fokker_D21010_A4-450x315.png 450w, https:\/\/garciagazquez.com\/art\/wp-content\/uploads\/2024\/08\/Fokker_D21010_A4-300x210.png 300w, https:\/\/garciagazquez.com\/art\/wp-content\/uploads\/2024\/08\/Fokker_D21010_A4-1024x717.png 1024w, https:\/\/garciagazquez.com\/art\/wp-content\/uploads\/2024\/08\/Fokker_D21010_A4-768x538.png 768w, https:\/\/garciagazquez.com\/art\/wp-content\/uploads\/2024\/08\/Fokker_D21010_A4-100x70.png 100w, https:\/\/garciagazquez.com\/art\/wp-content\/uploads\/2024\/08\/Fokker_D21010_A4-150x105.png 150w, https:\/\/garciagazquez.com\/art\/wp-content\/uploads\/2024\/08\/Fokker_D21010_A4-200x140.png 200w, https:\/\/garciagazquez.com\/art\/wp-content\/uploads\/2024\/08\/Fokker_D21010_A4-600x420.png 600w, https:\/\/garciagazquez.com\/art\/wp-content\/uploads\/2024\/08\/Fokker_D21010_A4-900x630.png 900w, https:\/\/garciagazquez.com\/art\/wp-content\/uploads\/2024\/08\/Fokker_D21010_A4.png 1200w\" sizes=\"(max-width: 450px) 100vw, 450px\" \/><\/a>\n\t\t\t<\/dt><\/dl><dl class='gallery-item'>\n\t\t\t<dt class='gallery-icon landscape'>\n\t\t\t\t<a data-elementor-open-lightbox=\"yes\" data-elementor-lightbox-slideshow=\"4dbd1f1\" data-elementor-lightbox-title=\"I-16_Tsokolaev_0002\" data-e-action-hash=\"#elementor-action%3Aaction%3Dlightbox%26settings%3DeyJpZCI6MTkwMywidXJsIjoiaHR0cHM6XC9cL2dhcmNpYWdhenF1ZXouY29tXC9hcnRcL3dwLWNvbnRlbnRcL3VwbG9hZHNcLzIwMjRcLzA4XC9JLTE2X1Rzb2tvbGFldl8wMDAyLnBuZyIsInNsaWRlc2hvdyI6IjRkYmQxZjEifQ%3D%3D\" href='https:\/\/garciagazquez.com\/art\/wp-content\/uploads\/2024\/08\/I-16_Tsokolaev_0002.png'><img loading=\"lazy\" decoding=\"async\" data-attachment-id=\"1903\" data-orig-file=\"https:\/\/garciagazquez.com\/art\/wp-content\/uploads\/2024\/08\/I-16_Tsokolaev_0002.png\" data-orig-size=\"1200,840\" data-comments-opened=\"1\" data-image-meta=\"{&quot;aperture&quot;:&quot;0&quot;,&quot;credit&quot;:&quot;&quot;,&quot;camera&quot;:&quot;&quot;,&quot;caption&quot;:&quot;&quot;,&quot;created_timestamp&quot;:&quot;0&quot;,&quot;copyright&quot;:&quot;&quot;,&quot;focal_length&quot;:&quot;0&quot;,&quot;iso&quot;:&quot;0&quot;,&quot;shutter_speed&quot;:&quot;0&quot;,&quot;title&quot;:&quot;&quot;,&quot;orientation&quot;:&quot;0&quot;}\" data-image-title=\"I-16_Tsokolaev_0002\" data-image-description=\"\" data-medium-file=\"https:\/\/garciagazquez.com\/art\/wp-content\/uploads\/2024\/08\/I-16_Tsokolaev_0002-300x210.png\" data-large-file=\"https:\/\/garciagazquez.com\/art\/wp-content\/uploads\/2024\/08\/I-16_Tsokolaev_0002-1024x717.png\" title=\"I-16_Tsokolaev_0002\" width=\"450\" height=\"315\" src=\"https:\/\/garciagazquez.com\/art\/wp-content\/uploads\/2024\/08\/I-16_Tsokolaev_0002-450x315.png\" class=\"attachment-responsive-450 size-responsive-450\" alt=\"\" srcset=\"https:\/\/garciagazquez.com\/art\/wp-content\/uploads\/2024\/08\/I-16_Tsokolaev_0002-450x315.png 450w, https:\/\/garciagazquez.com\/art\/wp-content\/uploads\/2024\/08\/I-16_Tsokolaev_0002-300x210.png 300w, https:\/\/garciagazquez.com\/art\/wp-content\/uploads\/2024\/08\/I-16_Tsokolaev_0002-1024x717.png 1024w, https:\/\/garciagazquez.com\/art\/wp-content\/uploads\/2024\/08\/I-16_Tsokolaev_0002-768x538.png 768w, https:\/\/garciagazquez.com\/art\/wp-content\/uploads\/2024\/08\/I-16_Tsokolaev_0002-100x70.png 100w, https:\/\/garciagazquez.com\/art\/wp-content\/uploads\/2024\/08\/I-16_Tsokolaev_0002-150x105.png 150w, https:\/\/garciagazquez.com\/art\/wp-content\/uploads\/2024\/08\/I-16_Tsokolaev_0002-200x140.png 200w, https:\/\/garciagazquez.com\/art\/wp-content\/uploads\/2024\/08\/I-16_Tsokolaev_0002-600x420.png 600w, https:\/\/garciagazquez.com\/art\/wp-content\/uploads\/2024\/08\/I-16_Tsokolaev_0002-900x630.png 900w, https:\/\/garciagazquez.com\/art\/wp-content\/uploads\/2024\/08\/I-16_Tsokolaev_0002.png 1200w\" sizes=\"(max-width: 450px) 100vw, 450px\" \/><\/a>\n\t\t\t<\/dt><\/dl><dl class='gallery-item'>\n\t\t\t<dt class='gallery-icon landscape'>\n\t\t\t\t<a data-elementor-open-lightbox=\"yes\" data-elementor-lightbox-slideshow=\"4dbd1f1\" data-elementor-lightbox-title=\"I-16_003\" data-e-action-hash=\"#elementor-action%3Aaction%3Dlightbox%26settings%3DeyJpZCI6MTU4OCwidXJsIjoiaHR0cHM6XC9cL2dhcmNpYWdhenF1ZXouY29tXC9hcnRcL3dwLWNvbnRlbnRcL3VwbG9hZHNcLzIwMjRcLzA4XC9JLTE2XzAwMy5wbmciLCJzbGlkZXNob3ciOiI0ZGJkMWYxIn0%3D\" href='https:\/\/garciagazquez.com\/art\/wp-content\/uploads\/2024\/08\/I-16_003.png'><img loading=\"lazy\" decoding=\"async\" data-attachment-id=\"1588\" data-orig-file=\"https:\/\/garciagazquez.com\/art\/wp-content\/uploads\/2024\/08\/I-16_003.png\" data-orig-size=\"1200,848\" data-comments-opened=\"1\" data-image-meta=\"{&quot;aperture&quot;:&quot;0&quot;,&quot;credit&quot;:&quot;&quot;,&quot;camera&quot;:&quot;&quot;,&quot;caption&quot;:&quot;&quot;,&quot;created_timestamp&quot;:&quot;0&quot;,&quot;copyright&quot;:&quot;&quot;,&quot;focal_length&quot;:&quot;0&quot;,&quot;iso&quot;:&quot;0&quot;,&quot;shutter_speed&quot;:&quot;0&quot;,&quot;title&quot;:&quot;&quot;,&quot;orientation&quot;:&quot;0&quot;}\" data-image-title=\"I-16_003\" data-image-description=\"\" data-medium-file=\"https:\/\/garciagazquez.com\/art\/wp-content\/uploads\/2024\/08\/I-16_003-300x212.png\" data-large-file=\"https:\/\/garciagazquez.com\/art\/wp-content\/uploads\/2024\/08\/I-16_003-1024x724.png\" title=\"I-16_003\" width=\"450\" height=\"318\" src=\"https:\/\/garciagazquez.com\/art\/wp-content\/uploads\/2024\/08\/I-16_003-450x318.png\" class=\"attachment-responsive-450 size-responsive-450\" alt=\"\" srcset=\"https:\/\/garciagazquez.com\/art\/wp-content\/uploads\/2024\/08\/I-16_003-450x318.png 450w, https:\/\/garciagazquez.com\/art\/wp-content\/uploads\/2024\/08\/I-16_003-300x212.png 300w, https:\/\/garciagazquez.com\/art\/wp-content\/uploads\/2024\/08\/I-16_003-1024x724.png 1024w, https:\/\/garciagazquez.com\/art\/wp-content\/uploads\/2024\/08\/I-16_003-768x543.png 768w, https:\/\/garciagazquez.com\/art\/wp-content\/uploads\/2024\/08\/I-16_003-100x71.png 100w, https:\/\/garciagazquez.com\/art\/wp-content\/uploads\/2024\/08\/I-16_003-150x106.png 150w, https:\/\/garciagazquez.com\/art\/wp-content\/uploads\/2024\/08\/I-16_003-200x141.png 200w, https:\/\/garciagazquez.com\/art\/wp-content\/uploads\/2024\/08\/I-16_003-600x424.png 600w, https:\/\/garciagazquez.com\/art\/wp-content\/uploads\/2024\/08\/I-16_003-900x636.png 900w, https:\/\/garciagazquez.com\/art\/wp-content\/uploads\/2024\/08\/I-16_003.png 1200w\" sizes=\"(max-width: 450px) 100vw, 450px\" \/><\/a>\n\t\t\t<\/dt><\/dl><br style=\"clear: both\" \/>\n\t\t<\/div>\n\t\t<\/div>\n\t\t\t\t\t\t<\/div>\n\t\t\t\t<\/div>\n\t\t\t\t\t<\/div>\n\t\t<\/div>\n\t\t\t\t\t<\/div>\n\t\t<\/section>\n\t\t<div class=\"elementor-element elementor-element-754ec637 e-flex e-con-boxed e-con e-parent\" data-id=\"754ec637\" data-element_type=\"container\" data-e-type=\"container\">\n\t\t\t\t\t<div class=\"e-con-inner\">\n\t\t\t\t<div class=\"elementor-element elementor-element-6ff7876 elementor-widget elementor-widget-spacer\" data-id=\"6ff7876\" data-element_type=\"widget\" data-e-type=\"widget\" data-widget_type=\"spacer.default\">\n\t\t\t\t<div class=\"elementor-widget-container\">\n\t\t\t\t\t\t\t<div class=\"elementor-spacer\">\n\t\t\t<div class=\"elementor-spacer-inner\"><\/div>\n\t\t<\/div>\n\t\t\t\t\t\t<\/div>\n\t\t\t\t<\/div>\n\t\t\t\t\t<\/div>\n\t\t\t\t<\/div>\n\t\t\t\t<\/div>\n\t\t","protected":false},"excerpt":{"rendered":"<p>Gallery Esta Galer\u00eda es una colecci\u00f3n de los mejores ilustraciones que he realizado hasta el momento. Cada ilustraci\u00f3n viene de trasladar la fotograf\u00eda hist\u00f3rica a&#8230; <a class=\"continue-reading-link\" href=\"https:\/\/garciagazquez.com\/art\/gallery\/\">Continue reading<\/a><\/p>\n","protected":false},"author":1,"featured_media":0,"parent":0,"menu_order":0,"comment_status":"closed","ping_status":"closed","template":"elementor_header_footer","meta":{"jetpack_post_was_ever_published":false,"footnotes":""},"class_list":["post-1802","page","type-page","status-publish","hentry"],"jetpack_sharing_enabled":true,"_links":{"self":[{"href":"https:\/\/garciagazquez.com\/art\/wp-json\/wp\/v2\/pages\/1802","targetHints":{"allow":["GET"]}}],"collection":[{"href":"https:\/\/garciagazquez.com\/art\/wp-json\/wp\/v2\/pages"}],"about":[{"href":"https:\/\/garciagazquez.com\/art\/wp-json\/wp\/v2\/types\/page"}],"author":[{"embeddable":true,"href":"https:\/\/garciagazquez.com\/art\/wp-json\/wp\/v2\/users\/1"}],"replies":[{"embeddable":true,"href":"https:\/\/garciagazquez.com\/art\/wp-json\/wp\/v2\/comments?post=1802"}],"version-history":[{"count":85,"href":"https:\/\/garciagazquez.com\/art\/wp-json\/wp\/v2\/pages\/1802\/revisions"}],"predecessor-version":[{"id":2705,"href":"https:\/\/garciagazquez.com\/art\/wp-json\/wp\/v2\/pages\/1802\/revisions\/2705"}],"wp:attachment":[{"href":"https:\/\/garciagazquez.com\/art\/wp-json\/wp\/v2\/media?parent=1802"}],"curies":[{"name":"wp","href":"https:\/\/api.w.org\/{rel}","templated":true}]}}